{"id":37,"date":"2020-06-14T18:50:13","date_gmt":"2020-06-14T18:50:13","guid":{"rendered":"http:\/\/dermatologie-pulheim.de\/?page_id=37"},"modified":"2021-07-29T14:19:37","modified_gmt":"2021-07-29T14:19:37","slug":"impressum","status":"publish","type":"page","link":"http:\/\/dermatologie-pulheim.de\/?page_id=37","title":{"rendered":"Impressum"},"content":{"rendered":"\n<p>Impressum<\/p>\n\n\n\n<p>Verantwortlich<\/p>\n\n\n\n<p>Dr. med. Andreas Krieger<\/p>\n\n\n\n<p>Dr. med. Dipl.-Biol. Juliane Krieger<\/p>\n\n\n\n<p>Venloer Str. 150<\/p>\n\n\n\n<p>50259 Pulheim<\/p>\n\n\n\n<p>Tel.: 02238 57800<\/p>\n\n\n\n<p>www.dermatologie-pulheim.de<\/p>\n\n\n\n<p>daten.dermatologie.pulheim@web.de<\/p>\n\n\n\n<p>Zust\u00e4ndige Landes\u00e4rztekammer (Aufsichtsbeh\u00f6rde):<\/p>\n\n\n\n<p>\u00c4rztekammer Nordrhein<\/p>\n\n\n\n<p>Teerstegenstr. 9<\/p>\n\n\n\n<p>40474 D\u00fcsseldorf<\/p>\n\n\n\n<p>www.aekno.de<\/p>\n\n\n\n<p>Zust\u00e4ndige Kassen\u00e4rztliche Vereinigung:<\/p>\n\n\n\n<p>Kassen\u00e4rztliche Vereinigung Nordrhein<\/p>\n\n\n\n<p>Tersteegenstr. 9<\/p>\n\n\n\n<p>40474 D\u00fcsseldorf<\/p>\n\n\n\n<p>www.kvno.de<\/p>\n\n\n\n<p>Berufsbezeichnung: Arzt\/\u00c4rztin, verliehen in der Bundesrepublik Deutschland<\/p>\n\n\n\n<p>Berufsrechtliche Regelungen: Berufsordnung der \u00c4rztekammer Nordrhein<\/p>\n\n\n\n<p><a href=\"https:\/\/www.aekno.de\/aerzte\/berufsordnung\">https:\/\/www.aekno.de\/aerzte\/berufsordnung<\/a><\/p>\n\n\n\n<p>Inhaltlich Verantwortlicher gem\u00e4\u00df \u00a7 55 Absatz 2 RStV: Drs. med. Andreas und Juliane Krieger<\/p>\n\n\n\n<p>Haftung f\u00fcr Inhalte<\/p>\n\n\n\n<p>Als Diensteanbieter sind wir gem\u00e4\u00df \u00a7 7 Abs.1 TMG f\u00fcr eigene Inhalte auf diesen Seiten nach allgemeinen Gesetzen verantwortlich. Nach \u00a7\u00a7 8 bis 10 TMG sind wir als Diensteanbieter jedoch nicht verpflichtet, fremde Informationen zu \u00fcberwachen oder nach Umst\u00e4nden zu forschen, die auf eine nicht rechtskonforme T\u00e4tigkeit hinweisen.<\/p>\n\n\n\n<p>Verpflichtungen zur Entfernung oder Sperrung der Nutzung von Informationen nach den allgemeinen Gesetzen bleiben hiervon unber\u00fchrt. Eine diesbez\u00fcgliche Haftung ist jedoch erst ab dem Zeitpunkt der Kenntnis einer konkreten Rechtsverletzung m\u00f6glich. Bei Bekanntwerden von entsprechenden Rechtsverletzungen werden wir diese Inhalte umgehend entfernen.<\/p>\n\n\n\n<p>Haftung f\u00fcr Links<\/p>\n\n\n\n<p>Unser Angebot enth\u00e4lt Links zu externen Websites Dritter. Auf deren Inhalte haben wir keinen Einfluss. Deshalb k\u00f6nnen wir f\u00fcr diese Inhalte auch keine Gew\u00e4hr \u00fcbernehmen. F\u00fcr die Inhalte der verlinkten Seiten ist stets der jeweilige Anbieter oder Betreiber der Seiten verantwortlich. Die verlinkten Seiten wurden zum Zeitpunkt der Verlinkung auf m\u00f6gliche Rechtsverst\u00f6\u00dfe \u00fcberpr\u00fcft. Rechtswidrige Inhalte waren zum Zeitpunkt der Verlinkung nicht erkennbar.<\/p>\n\n\n\n<p>Eine permanente inhaltliche Kontrolle der verlinkten Seiten ist jedoch ohne konkrete Anhaltspunkte einer Rechtsverletzung nicht zumutbar. Bei Bekanntwerden von Rechtsverletzungen werden wir derartige Links umgehend entfernen.<\/p>\n\n\n\n<p>Urheberrecht<\/p>\n\n\n\n<p>Die durch die Seitenbetreiber erstellten Inhalte und Werke auf diesen Seiten unterliegen dem deutschen Urheberrecht.<\/p>\n\n\n\n<p>Soweit die Inhalte auf dieser Seite nicht vom Betreiber erstellt wurden, werden die Urheberrechte Dritter beachtet. Insbesondere werden Inhalte Dritter als solche gekennzeichnet. Sollten Sie trotzdem auf eine Urheberrechtsverletzung aufmerksam werden, bitten wir um einen entsprechenden Hinweis. Bei Bekanntwerden von Rechtsverletzungen werden wir derartige Inhalte umgehend entfernen.<\/p>\n","protected":false},"excerpt":{"rendered":"<p>Impressum Verantwortlich Dr. med. Andreas Krieger Dr. med. Dipl.-Biol. Juliane Krieger Venloer Str. 150 50259 Pulheim Tel.: 02238 57800 www.dermatologie-pulheim.de daten.dermatologie.pulheim@web.de Zust\u00e4ndige Landes\u00e4rztekammer (Aufsichtsbeh\u00f6rde): \u00c4rztekammer Nordrhein Teerstegenstr. 9 40474 D\u00fcsseldorf www.aekno.de Zust\u00e4ndige Kassen\u00e4rztliche Vereinigung: Kassen\u00e4rztliche Vereinigung Nordrhein Tersteegenstr. 9 40474 D\u00fcsseldorf www.kvno.de Berufsbezeichnung: Arzt\/\u00c4rztin, verliehen in der Bundesrepublik Deutschland Berufsrechtliche Regelungen: Berufsordnung der \u00c4rztekammer Nordrhein [&hellip;]<\/p>\n","protected":false},"author":1,"featured_media":0,"parent":0,"menu_order":20,"comment_status":"closed","ping_status":"closed","template":"","meta":{"footnotes":""},"class_list":["post-37","page","type-page","status-publish","hentry"],"_links":{"self":[{"href":"http:\/\/dermatologie-pulheim.de\/index.php?rest_route=\/wp\/v2\/pages\/37","targetHints":{"allow":["GET"]}}],"collection":[{"href":"http:\/\/dermatologie-pulheim.de\/index.php?rest_route=\/wp\/v2\/pages"}],"about":[{"href":"http:\/\/dermatologie-pulheim.de\/index.php?rest_route=\/wp\/v2\/types\/page"}],"author":[{"embeddable":true,"href":"http:\/\/dermatologie-pulheim.de\/index.php?rest_route=\/wp\/v2\/users\/1"}],"replies":[{"embeddable":true,"href":"http:\/\/dermatologie-pulheim.de\/index.php?rest_route=%2Fwp%2Fv2%2Fcomments&post=37"}],"version-history":[{"count":4,"href":"http:\/\/dermatologie-pulheim.de\/index.php?rest_route=\/wp\/v2\/pages\/37\/revisions"}],"predecessor-version":[{"id":107,"href":"http:\/\/dermatologie-pulheim.de\/index.php?rest_route=\/wp\/v2\/pages\/37\/revisions\/107"}],"wp:attachment":[{"href":"http:\/\/dermatologie-pulheim.de\/index.php?rest_route=%2Fwp%2Fv2%2Fmedia&parent=37"}],"curies":[{"name":"wp","href":"https:\/\/api.w.org\/{rel}","templated":true}]}}